{"id":222,"date":"2021-10-17T20:57:24","date_gmt":"2021-10-17T20:57:24","guid":{"rendered":"http:\/\/janqoholender.1839.eu\/?page_id=222"},"modified":"2021-10-17T21:52:34","modified_gmt":"2021-10-17T21:52:34","slug":"we-wnetrzach","status":"publish","type":"page","link":"https:\/\/janqoholender.1839.eu\/?page_id=222","title":{"rendered":"Sprzeda\u017c"},"content":{"rendered":"<p>Ka\u017cd\u0105 z fotografii widocznych na stronie mo\u017cna zam\u00f3wi\u0107. Dost\u0119pnych jest kilka wariant\u00f3w docelowego obrazu \u2013 od sygnowanych wydruk\u00f3w na piankach po wydruki pigmentowe na papierach o trwa\u0142o\u015bci archiwalnej. <\/p>\n<p><strong>PIANKI<\/strong><\/p>\n<p>wydruk wysokiej jako\u015bci na piance, z podpisem autora<\/p>\n<p><strong>FOTOGRAFIA AUTORSKA<\/strong><\/p>\n<p>wydruk pigmentowy na papierze o w\u0142a\u015bciwo\u015bciach archiwalnych (<em>fine art<\/em>), z podpisem autora<\/p>\n<p><strong>FOTOGRAFIA KOLEKCJONERSKA<\/strong><\/p>\n<p>wydruk pigmentowy na papierze o w\u0142a\u015bciwo\u015bciach archiwalnych (<em>fine art<\/em>), z certyfikatem i podpisem autora<\/p>\n<\/p>\n<p>Prosz\u0119 o kontakt w sprawie ka\u017cdego zam\u00f3wienia. <\/p>\n<p>Orientacyjne ceny.<\/p>\n<figure class=\"wp-block-image size-large\"><img loading=\"lazy\" width=\"1024\" height=\"446\" src=\"http:\/\/janqoholender.1839.eu\/wp-content\/uploads\/2021\/10\/GC-cennik_1-1024x446.jpg\" alt=\"\" class=\"wp-image-231\" srcset=\"https:\/\/janqoholender.1839.eu\/wp-content\/uploads\/2021\/10\/GC-cennik_1-1024x446.jpg 1024w, https:\/\/janqoholender.1839.eu\/wp-content\/uploads\/2021\/10\/GC-cennik_1-300x131.jpg 300w, https:\/\/janqoholender.1839.eu\/wp-content\/uploads\/2021\/10\/GC-cennik_1-768x334.jpg 768w, https:\/\/janqoholender.1839.eu\/wp-content\/uploads\/2021\/10\/GC-cennik_1-1536x669.jpg 1536w, https:\/\/janqoholender.1839.eu\/wp-content\/uploads\/2021\/10\/GC-cennik_1-2048x891.jpg 2048w\" sizes=\"(max-width: 1024px) 100vw, 1024px\" \/><\/figure>\n<figure class=\"wp-block-gallery columns-3 is-cropped\">\n<ul class=\"blocks-gallery-grid\">\n<li class=\"blocks-gallery-item\">\n<figure><img loading=\"lazy\" width=\"640\" height=\"427\" src=\"http:\/\/janqoholender.1839.eu\/wp-content\/uploads\/2021\/10\/03-Pexels-z-Pixaby-3.jpg\" alt=\"\" data-id=\"217\" data-full-url=\"http:\/\/janqoholender.1839.eu\/wp-content\/uploads\/2021\/10\/03-Pexels-z-Pixaby-3.jpg\" data-link=\"http:\/\/janqoholender.1839.eu\/?attachment_id=217\" class=\"wp-image-217\" srcset=\"https:\/\/janqoholender.1839.eu\/wp-content\/uploads\/2021\/10\/03-Pexels-z-Pixaby-3.jpg 640w, https:\/\/janqoholender.1839.eu\/wp-content\/uploads\/2021\/10\/03-Pexels-z-Pixaby-3-300x200.jpg 300w\" sizes=\"(max-width: 640px) 100vw, 640px\" \/><\/figure>\n<\/li>\n<li class=\"blocks-gallery-item\">\n<figure><img loading=\"lazy\" width=\"640\" height=\"360\" src=\"http:\/\/janqoholender.1839.eu\/wp-content\/uploads\/2021\/10\/03-Mikes-Photography-z-Pixaby.jpg\" alt=\"\" data-id=\"216\" data-full-url=\"http:\/\/janqoholender.1839.eu\/wp-content\/uploads\/2021\/10\/03-Mikes-Photography-z-Pixaby.jpg\" data-link=\"http:\/\/janqoholender.1839.eu\/?attachment_id=216\" class=\"wp-image-216\" srcset=\"https:\/\/janqoholender.1839.eu\/wp-content\/uploads\/2021\/10\/03-Mikes-Photography-z-Pixaby.jpg 640w, https:\/\/janqoholender.1839.eu\/wp-content\/uploads\/2021\/10\/03-Mikes-Photography-z-Pixaby-300x169.jpg 300w\" sizes=\"(max-width: 640px) 100vw, 640px\" \/><\/figure>\n<\/li>\n<li class=\"blocks-gallery-item\">\n<figure><img loading=\"lazy\" width=\"640\" height=\"423\" src=\"http:\/\/janqoholender.1839.eu\/wp-content\/uploads\/2021\/10\/03-Bumiputra-z-Pixaby-2.jpg\" alt=\"\" data-id=\"215\" data-full-url=\"http:\/\/janqoholender.1839.eu\/wp-content\/uploads\/2021\/10\/03-Bumiputra-z-Pixaby-2.jpg\" data-link=\"http:\/\/janqoholender.1839.eu\/?attachment_id=215\" class=\"wp-image-215\" srcset=\"https:\/\/janqoholender.1839.eu\/wp-content\/uploads\/2021\/10\/03-Bumiputra-z-Pixaby-2.jpg 640w, https:\/\/janqoholender.1839.eu\/wp-content\/uploads\/2021\/10\/03-Bumiputra-z-Pixaby-2-300x198.jpg 300w\" sizes=\"(max-width: 640px) 100vw, 640px\" \/><\/figure>\n<\/li>\n<li class=\"blocks-gallery-item\">\n<figure><img loading=\"lazy\" width=\"640\" height=\"426\" src=\"http:\/\/janqoholender.1839.eu\/wp-content\/uploads\/2021\/10\/03-Bumiputra-09-z-Pixaby.jpg\" alt=\"\" data-id=\"214\" data-full-url=\"http:\/\/janqoholender.1839.eu\/wp-content\/uploads\/2021\/10\/03-Bumiputra-09-z-Pixaby.jpg\" data-link=\"http:\/\/janqoholender.1839.eu\/?attachment_id=214\" class=\"wp-image-214\" srcset=\"https:\/\/janqoholender.1839.eu\/wp-content\/uploads\/2021\/10\/03-Bumiputra-09-z-Pixaby.jpg 640w, https:\/\/janqoholender.1839.eu\/wp-content\/uploads\/2021\/10\/03-Bumiputra-09-z-Pixaby-300x200.jpg 300w\" sizes=\"(max-width: 640px) 100vw, 640px\" \/><\/figure>\n<\/li>\n<li class=\"blocks-gallery-item\">\n<figure><img loading=\"lazy\" width=\"640\" height=\"426\" src=\"http:\/\/janqoholender.1839.eu\/wp-content\/uploads\/2021\/10\/02-StockSnap-z-Pixaby.jpg\" alt=\"\" data-id=\"213\" data-full-url=\"http:\/\/janqoholender.1839.eu\/wp-content\/uploads\/2021\/10\/02-StockSnap-z-Pixaby.jpg\" data-link=\"http:\/\/janqoholender.1839.eu\/?attachment_id=213\" class=\"wp-image-213\" srcset=\"https:\/\/janqoholender.1839.eu\/wp-content\/uploads\/2021\/10\/02-StockSnap-z-Pixaby.jpg 640w, https:\/\/janqoholender.1839.eu\/wp-content\/uploads\/2021\/10\/02-StockSnap-z-Pixaby-300x200.jpg 300w\" sizes=\"(max-width: 640px) 100vw, 640px\" \/><\/figure>\n<\/li>\n<li class=\"blocks-gallery-item\">\n<figure><img loading=\"lazy\" width=\"640\" height=\"426\" src=\"http:\/\/janqoholender.1839.eu\/wp-content\/uploads\/2021\/10\/02-Pexels-z-Pixaby-4.jpg\" alt=\"\" data-id=\"212\" data-full-url=\"http:\/\/janqoholender.1839.eu\/wp-content\/uploads\/2021\/10\/02-Pexels-z-Pixaby-4.jpg\" data-link=\"http:\/\/janqoholender.1839.eu\/?attachment_id=212\" class=\"wp-image-212\" srcset=\"https:\/\/janqoholender.1839.eu\/wp-content\/uploads\/2021\/10\/02-Pexels-z-Pixaby-4.jpg 640w, https:\/\/janqoholender.1839.eu\/wp-content\/uploads\/2021\/10\/02-Pexels-z-Pixaby-4-300x200.jpg 300w\" sizes=\"(max-width: 640px) 100vw, 640px\" \/><\/figure>\n<\/li>\n<li class=\"blocks-gallery-item\">\n<figure><img loading=\"lazy\" width=\"640\" height=\"427\" src=\"http:\/\/janqoholender.1839.eu\/wp-content\/uploads\/2021\/10\/02-Pexels-z-Pixaby-3.jpg\" alt=\"\" data-id=\"211\" data-full-url=\"http:\/\/janqoholender.1839.eu\/wp-content\/uploads\/2021\/10\/02-Pexels-z-Pixaby-3.jpg\" data-link=\"http:\/\/janqoholender.1839.eu\/?attachment_id=211\" class=\"wp-image-211\" srcset=\"https:\/\/janqoholender.1839.eu\/wp-content\/uploads\/2021\/10\/02-Pexels-z-Pixaby-3.jpg 640w, https:\/\/janqoholender.1839.eu\/wp-content\/uploads\/2021\/10\/02-Pexels-z-Pixaby-3-300x200.jpg 300w\" sizes=\"(max-width: 640px) 100vw, 640px\" \/><\/figure>\n<\/li>\n<li class=\"blocks-gallery-item\">\n<figure><img loading=\"lazy\" width=\"640\" height=\"360\" src=\"http:\/\/janqoholender.1839.eu\/wp-content\/uploads\/2021\/10\/02-Mikes-Photography-z-Pixaby.jpg\" alt=\"\" data-id=\"210\" data-full-url=\"http:\/\/janqoholender.1839.eu\/wp-content\/uploads\/2021\/10\/02-Mikes-Photography-z-Pixaby.jpg\" data-link=\"http:\/\/janqoholender.1839.eu\/?attachment_id=210\" class=\"wp-image-210\" srcset=\"https:\/\/janqoholender.1839.eu\/wp-content\/uploads\/2021\/10\/02-Mikes-Photography-z-Pixaby.jpg 640w, https:\/\/janqoholender.1839.eu\/wp-content\/uploads\/2021\/10\/02-Mikes-Photography-z-Pixaby-300x169.jpg 300w\" sizes=\"(max-width: 640px) 100vw, 640px\" \/><\/figure>\n<\/li>\n<li class=\"blocks-gallery-item\">\n<figure><img loading=\"lazy\" width=\"640\" height=\"510\" src=\"http:\/\/janqoholender.1839.eu\/wp-content\/uploads\/2021\/10\/02-Darkmoon-Art-z-Pixaby.jpg\" alt=\"\" data-id=\"209\" data-full-url=\"http:\/\/janqoholender.1839.eu\/wp-content\/uploads\/2021\/10\/02-Darkmoon-Art-z-Pixaby.jpg\" data-link=\"http:\/\/janqoholender.1839.eu\/?attachment_id=209\" class=\"wp-image-209\" srcset=\"https:\/\/janqoholender.1839.eu\/wp-content\/uploads\/2021\/10\/02-Darkmoon-Art-z-Pixaby.jpg 640w, https:\/\/janqoholender.1839.eu\/wp-content\/uploads\/2021\/10\/02-Darkmoon-Art-z-Pixaby-300x239.jpg 300w\" sizes=\"(max-width: 640px) 100vw, 640px\" \/><\/figure>\n<\/li>\n<li class=\"blocks-gallery-item\">\n<figure><img loading=\"lazy\" width=\"640\" height=\"426\" src=\"http:\/\/janqoholender.1839.eu\/wp-content\/uploads\/2021\/10\/02-Bumiputra-z-Pixaby-8.jpg\" alt=\"\" data-id=\"208\" data-full-url=\"http:\/\/janqoholender.1839.eu\/wp-content\/uploads\/2021\/10\/02-Bumiputra-z-Pixaby-8.jpg\" data-link=\"http:\/\/janqoholender.1839.eu\/?attachment_id=208\" class=\"wp-image-208\" srcset=\"https:\/\/janqoholender.1839.eu\/wp-content\/uploads\/2021\/10\/02-Bumiputra-z-Pixaby-8.jpg 640w, https:\/\/janqoholender.1839.eu\/wp-content\/uploads\/2021\/10\/02-Bumiputra-z-Pixaby-8-300x200.jpg 300w\" sizes=\"(max-width: 640px) 100vw, 640px\" \/><\/figure>\n<\/li>\n<li class=\"blocks-gallery-item\">\n<figure><img loading=\"lazy\" width=\"640\" height=\"423\" src=\"http:\/\/janqoholender.1839.eu\/wp-content\/uploads\/2021\/10\/02-Bumiputra-z-Pixaby-2.jpg\" alt=\"\" data-id=\"207\" data-full-url=\"http:\/\/janqoholender.1839.eu\/wp-content\/uploads\/2021\/10\/02-Bumiputra-z-Pixaby-2.jpg\" data-link=\"http:\/\/janqoholender.1839.eu\/?attachment_id=207\" class=\"wp-image-207\" srcset=\"https:\/\/janqoholender.1839.eu\/wp-content\/uploads\/2021\/10\/02-Bumiputra-z-Pixaby-2.jpg 640w, https:\/\/janqoholender.1839.eu\/wp-content\/uploads\/2021\/10\/02-Bumiputra-z-Pixaby-2-300x198.jpg 300w\" sizes=\"(max-width: 640px) 100vw, 640px\" \/><\/figure>\n<\/li>\n<li class=\"blocks-gallery-item\">\n<figure><img loading=\"lazy\" width=\"640\" height=\"426\" src=\"http:\/\/janqoholender.1839.eu\/wp-content\/uploads\/2021\/10\/01-StockSnap-z-Pixaby.jpg\" alt=\"\" data-id=\"206\" data-full-url=\"http:\/\/janqoholender.1839.eu\/wp-content\/uploads\/2021\/10\/01-StockSnap-z-Pixaby.jpg\" data-link=\"http:\/\/janqoholender.1839.eu\/?attachment_id=206\" class=\"wp-image-206\" srcset=\"https:\/\/janqoholender.1839.eu\/wp-content\/uploads\/2021\/10\/01-StockSnap-z-Pixaby.jpg 640w, https:\/\/janqoholender.1839.eu\/wp-content\/uploads\/2021\/10\/01-StockSnap-z-Pixaby-300x200.jpg 300w\" sizes=\"(max-width: 640px) 100vw, 640px\" \/><\/figure>\n<\/li>\n<li class=\"blocks-gallery-item\">\n<figure><img loading=\"lazy\" width=\"640\" height=\"426\" src=\"http:\/\/janqoholender.1839.eu\/wp-content\/uploads\/2021\/10\/01-Pexels-z-Pixaby-4.jpg\" alt=\"\" data-id=\"205\" data-full-url=\"http:\/\/janqoholender.1839.eu\/wp-content\/uploads\/2021\/10\/01-Pexels-z-Pixaby-4.jpg\" data-link=\"http:\/\/janqoholender.1839.eu\/?attachment_id=205\" class=\"wp-image-205\" srcset=\"https:\/\/janqoholender.1839.eu\/wp-content\/uploads\/2021\/10\/01-Pexels-z-Pixaby-4.jpg 640w, https:\/\/janqoholender.1839.eu\/wp-content\/uploads\/2021\/10\/01-Pexels-z-Pixaby-4-300x200.jpg 300w\" sizes=\"(max-width: 640px) 100vw, 640px\" \/><\/figure>\n<\/li>\n<li class=\"blocks-gallery-item\">\n<figure><img loading=\"lazy\" width=\"640\" height=\"427\" src=\"http:\/\/janqoholender.1839.eu\/wp-content\/uploads\/2021\/10\/01-Pexels-z-Pixaby-3.jpg\" alt=\"\" data-id=\"204\" data-full-url=\"http:\/\/janqoholender.1839.eu\/wp-content\/uploads\/2021\/10\/01-Pexels-z-Pixaby-3.jpg\" data-link=\"http:\/\/janqoholender.1839.eu\/?attachment_id=204\" class=\"wp-image-204\" srcset=\"https:\/\/janqoholender.1839.eu\/wp-content\/uploads\/2021\/10\/01-Pexels-z-Pixaby-3.jpg 640w, https:\/\/janqoholender.1839.eu\/wp-content\/uploads\/2021\/10\/01-Pexels-z-Pixaby-3-300x200.jpg 300w\" sizes=\"(max-width: 640px) 100vw, 640px\" \/><\/figure>\n<\/li>\n<li class=\"blocks-gallery-item\">\n<figure><img loading=\"lazy\" width=\"640\" height=\"426\" src=\"http:\/\/janqoholender.1839.eu\/wp-content\/uploads\/2021\/10\/01-Pexels-z-Pixaby-2.jpg\" alt=\"\" data-id=\"203\" data-full-url=\"http:\/\/janqoholender.1839.eu\/wp-content\/uploads\/2021\/10\/01-Pexels-z-Pixaby-2.jpg\" data-link=\"http:\/\/janqoholender.1839.eu\/?attachment_id=203\" class=\"wp-image-203\" srcset=\"https:\/\/janqoholender.1839.eu\/wp-content\/uploads\/2021\/10\/01-Pexels-z-Pixaby-2.jpg 640w, https:\/\/janqoholender.1839.eu\/wp-content\/uploads\/2021\/10\/01-Pexels-z-Pixaby-2-300x200.jpg 300w\" sizes=\"(max-width: 640px) 100vw, 640px\" \/><\/figure>\n<\/li>\n<li class=\"blocks-gallery-item\">\n<figure><img loading=\"lazy\" width=\"640\" height=\"360\" src=\"http:\/\/janqoholender.1839.eu\/wp-content\/uploads\/2021\/10\/01-Mikes-Photography-z-Pixaby.jpg\" alt=\"\" data-id=\"202\" data-full-url=\"http:\/\/janqoholender.1839.eu\/wp-content\/uploads\/2021\/10\/01-Mikes-Photography-z-Pixaby.jpg\" data-link=\"http:\/\/janqoholender.1839.eu\/?attachment_id=202\" class=\"wp-image-202\" srcset=\"https:\/\/janqoholender.1839.eu\/wp-content\/uploads\/2021\/10\/01-Mikes-Photography-z-Pixaby.jpg 640w, https:\/\/janqoholender.1839.eu\/wp-content\/uploads\/2021\/10\/01-Mikes-Photography-z-Pixaby-300x169.jpg 300w\" sizes=\"(max-width: 640px) 100vw, 640px\" \/><\/figure>\n<\/li>\n<li class=\"blocks-gallery-item\">\n<figure><img loading=\"lazy\" width=\"640\" height=\"360\" src=\"http:\/\/janqoholender.1839.eu\/wp-content\/uploads\/2021\/10\/01-Ferenc-Keresi-z-Pixaby.jpg\" alt=\"\" data-id=\"201\" data-full-url=\"http:\/\/janqoholender.1839.eu\/wp-content\/uploads\/2021\/10\/01-Ferenc-Keresi-z-Pixaby.jpg\" data-link=\"http:\/\/janqoholender.1839.eu\/?attachment_id=201\" class=\"wp-image-201\" srcset=\"https:\/\/janqoholender.1839.eu\/wp-content\/uploads\/2021\/10\/01-Ferenc-Keresi-z-Pixaby.jpg 640w, https:\/\/janqoholender.1839.eu\/wp-content\/uploads\/2021\/10\/01-Ferenc-Keresi-z-Pixaby-300x169.jpg 300w\" sizes=\"(max-width: 640px) 100vw, 640px\" \/><\/figure>\n<\/li>\n<li class=\"blocks-gallery-item\">\n<figure><img loading=\"lazy\" width=\"640\" height=\"510\" src=\"http:\/\/janqoholender.1839.eu\/wp-content\/uploads\/2021\/10\/01-Darkmoon-Art-z-Pixaby.jpg\" alt=\"\" data-id=\"200\" data-full-url=\"http:\/\/janqoholender.1839.eu\/wp-content\/uploads\/2021\/10\/01-Darkmoon-Art-z-Pixaby.jpg\" data-link=\"http:\/\/janqoholender.1839.eu\/?attachment_id=200\" class=\"wp-image-200\" srcset=\"https:\/\/janqoholender.1839.eu\/wp-content\/uploads\/2021\/10\/01-Darkmoon-Art-z-Pixaby.jpg 640w, https:\/\/janqoholender.1839.eu\/wp-content\/uploads\/2021\/10\/01-Darkmoon-Art-z-Pixaby-300x239.jpg 300w\" sizes=\"(max-width: 640px) 100vw, 640px\" \/><\/figure>\n<\/li>\n<li class=\"blocks-gallery-item\">\n<figure><img loading=\"lazy\" width=\"640\" height=\"423\" src=\"http:\/\/janqoholender.1839.eu\/wp-content\/uploads\/2021\/10\/01-Bumiputra-z-Pixaby.jpg\" alt=\"\" data-id=\"199\" data-full-url=\"http:\/\/janqoholender.1839.eu\/wp-content\/uploads\/2021\/10\/01-Bumiputra-z-Pixaby.jpg\" data-link=\"http:\/\/janqoholender.1839.eu\/?attachment_id=199\" class=\"wp-image-199\" srcset=\"https:\/\/janqoholender.1839.eu\/wp-content\/uploads\/2021\/10\/01-Bumiputra-z-Pixaby.jpg 640w, https:\/\/janqoholender.1839.eu\/wp-content\/uploads\/2021\/10\/01-Bumiputra-z-Pixaby-300x198.jpg 300w\" sizes=\"(max-width: 640px) 100vw, 640px\" \/><\/figure>\n<\/li>\n<li class=\"blocks-gallery-item\">\n<figure><img loading=\"lazy\" width=\"640\" height=\"426\" src=\"http:\/\/janqoholender.1839.eu\/wp-content\/uploads\/2021\/10\/01-Bumiputra-z-Pixaby-8.jpg\" alt=\"\" data-id=\"198\" data-full-url=\"http:\/\/janqoholender.1839.eu\/wp-content\/uploads\/2021\/10\/01-Bumiputra-z-Pixaby-8.jpg\" data-link=\"http:\/\/janqoholender.1839.eu\/?attachment_id=198\" class=\"wp-image-198\" srcset=\"https:\/\/janqoholender.1839.eu\/wp-content\/uploads\/2021\/10\/01-Bumiputra-z-Pixaby-8.jpg 640w, https:\/\/janqoholender.1839.eu\/wp-content\/uploads\/2021\/10\/01-Bumiputra-z-Pixaby-8-300x200.jpg 300w\" sizes=\"(max-width: 640px) 100vw, 640px\" \/><\/figure>\n<\/li>\n<li class=\"blocks-gallery-item\">\n<figure><img loading=\"lazy\" width=\"640\" height=\"423\" src=\"http:\/\/janqoholender.1839.eu\/wp-content\/uploads\/2021\/10\/01-Bumiputra-z-Pixaby-2.jpg\" alt=\"\" data-id=\"197\" data-full-url=\"http:\/\/janqoholender.1839.eu\/wp-content\/uploads\/2021\/10\/01-Bumiputra-z-Pixaby-2.jpg\" data-link=\"http:\/\/janqoholender.1839.eu\/?attachment_id=197\" class=\"wp-image-197\" srcset=\"https:\/\/janqoholender.1839.eu\/wp-content\/uploads\/2021\/10\/01-Bumiputra-z-Pixaby-2.jpg 640w, https:\/\/janqoholender.1839.eu\/wp-content\/uploads\/2021\/10\/01-Bumiputra-z-Pixaby-2-300x198.jpg 300w\" sizes=\"(max-width: 640px) 100vw, 640px\" \/><\/figure>\n<\/li>\n<li class=\"blocks-gallery-item\">\n<figure><img loading=\"lazy\" width=\"640\" height=\"426\" src=\"http:\/\/janqoholender.1839.eu\/wp-content\/uploads\/2021\/10\/01-Bumiputra-09-z-Pixaby.jpg\" alt=\"\" data-id=\"195\" data-full-url=\"http:\/\/janqoholender.1839.eu\/wp-content\/uploads\/2021\/10\/01-Bumiputra-09-z-Pixaby.jpg\" data-link=\"http:\/\/janqoholender.1839.eu\/?attachment_id=195\" class=\"wp-image-195\" srcset=\"https:\/\/janqoholender.1839.eu\/wp-content\/uploads\/2021\/10\/01-Bumiputra-09-z-Pixaby.jpg 640w, https:\/\/janqoholender.1839.eu\/wp-content\/uploads\/2021\/10\/01-Bumiputra-09-z-Pixaby-300x200.jpg 300w\" sizes=\"(max-width: 640px) 100vw, 640px\" \/><\/figure>\n<\/li>\n<li class=\"blocks-gallery-item\">\n<figure><img loading=\"lazy\" width=\"640\" height=\"494\" src=\"http:\/\/janqoholender.1839.eu\/wp-content\/uploads\/2021\/10\/01-Amanda-Elisabeth-z-Pixaby.jpg\" alt=\"\" data-id=\"194\" data-full-url=\"http:\/\/janqoholender.1839.eu\/wp-content\/uploads\/2021\/10\/01-Amanda-Elisabeth-z-Pixaby.jpg\" data-link=\"http:\/\/janqoholender.1839.eu\/?attachment_id=194\" class=\"wp-image-194\" srcset=\"https:\/\/janqoholender.1839.eu\/wp-content\/uploads\/2021\/10\/01-Amanda-Elisabeth-z-Pixaby.jpg 640w, https:\/\/janqoholender.1839.eu\/wp-content\/uploads\/2021\/10\/01-Amanda-Elisabeth-z-Pixaby-300x232.jpg 300w\" sizes=\"(max-width: 640px) 100vw, 640px\" \/><\/figure>\n<\/li>\n<\/ul>\n<\/figure>\n","protected":false},"excerpt":{"rendered":"<p>Ka\u017cd\u0105 z fotografii widocznych na stronie mo\u017cna zam\u00f3wi\u0107. Dost\u0119pnych jest kilka wariant\u00f3w docelowego obrazu \u2013 od sygnowanych wydruk\u00f3w na piankach po wydruki pigmentowe na papierach o trwa\u0142o\u015bci archiwalnej. PIANKI wydruk wysokiej jako\u015bci na piance, z podpisem autora FOTOGRAFIA AUTORSKA wydruk pigmentowy na papierze o w\u0142a\u015bciwo\u015bciach archiwalnych (fine art), z podpisem autora FOTOGRAFIA KOLEKCJONERSKA wydruk pigmentowy [&hellip;]<\/p>\n","protected":false},"author":1,"featured_media":0,"parent":0,"menu_order":0,"comment_status":"closed","ping_status":"closed","template":"","meta":[],"_links":{"self":[{"href":"https:\/\/janqoholender.1839.eu\/index.php?rest_route=\/wp\/v2\/pages\/222"}],"collection":[{"href":"https:\/\/janqoholender.1839.eu\/index.php?rest_route=\/wp\/v2\/pages"}],"about":[{"href":"https:\/\/janqoholender.1839.eu\/index.php?rest_route=\/wp\/v2\/types\/page"}],"author":[{"embeddable":true,"href":"https:\/\/janqoholender.1839.eu\/index.php?rest_route=\/wp\/v2\/users\/1"}],"replies":[{"embeddable":true,"href":"https:\/\/janqoholender.1839.eu\/index.php?rest_route=%2Fwp%2Fv2%2Fcomments&post=222"}],"version-history":[{"count":6,"href":"https:\/\/janqoholender.1839.eu\/index.php?rest_route=\/wp\/v2\/pages\/222\/revisions"}],"predecessor-version":[{"id":234,"href":"https:\/\/janqoholender.1839.eu\/index.php?rest_route=\/wp\/v2\/pages\/222\/revisions\/234"}],"wp:attachment":[{"href":"https:\/\/janqoholender.1839.eu\/index.php?rest_route=%2Fwp%2Fv2%2Fmedia&parent=222"}],"curies":[{"name":"wp","href":"https:\/\/api.w.org\/{rel}","templated":true}]}}